{"id":32,"date":"2021-05-24T12:19:01","date_gmt":"2021-05-24T10:19:01","guid":{"rendered":"https:\/\/kridifosch.gei.de\/?page_id=32"},"modified":"2026-03-20T09:38:01","modified_gmt":"2026-03-20T08:38:01","slug":"start","status":"publish","type":"page","link":"https:\/\/kridifosch.uol.de\/","title":{"rendered":"< Start >"},"content":{"rendered":"\t\t<div data-elementor-type=\"wp-page\" data-elementor-id=\"32\" class=\"elementor elementor-32\">\n\t\t\t\t\t\t<section class=\"elementor-section elementor-top-section elementor-element elementor-element-3f94761 elementor-section-boxed elementor-section-height-default elementor-section-height-default\" data-id=\"3f94761\" data-element_type=\"section\" data-e-type=\"section\">\n\t\t\t\t\t\t<div class=\"elementor-container elementor-column-gap-default\">\n\t\t\t\t\t<div class=\"elementor-column elementor-col-100 elementor-top-column elementor-element elementor-element-c194d02\" data-id=\"c194d02\" data-element_type=\"column\" data-e-type=\"column\">\n\t\t\t<div class=\"elementor-widget-wrap elementor-element-populated\">\n\t\t\t\t\t\t<div class=\"elementor-element elementor-element-c1d3e3a elementor-widget elementor-widget-text-editor\" data-id=\"c1d3e3a\" data-element_type=\"widget\" data-e-type=\"widget\" data-widget_type=\"text-editor.default\">\n\t\t\t\t<div class=\"elementor-widget-container\">\n\t\t\t\t\t\t\t\t\t<p><strong>KriDiFoSch<\/strong> ist ein Netzwerk junger Wissenschaftler:innen, die sich kritisch mit digitalen Ph\u00e4nomenen in der Institution Schule besch\u00e4ftigen.<\/p><p>Du findest hier Informationen zu unserer <a href=\"https:\/\/kridifosch.gei.de\/elementor-232\/\">Idee<\/a>, unseren <a href=\"https:\/\/kridifosch.gei.de\/netzwerktag\/\">Aktivit\u00e4ten<\/a> und den <a href=\"https:\/\/kridifosch.gei.de\/ueber\/\">Mitgliedern<\/a> unseres Netzwerks.<\/p>\t\t\t\t\t\t\t\t<\/div>\n\t\t\t\t<\/div>\n\t\t\t\t\t<\/div>\n\t\t<\/div>\n\t\t\t\t\t<\/div>\n\t\t<\/section>\n\t\t\t\t<section class=\"elementor-section elementor-top-section elementor-element elementor-element-04c48a3 elementor-section-boxed elementor-section-height-default elementor-section-height-default\" data-id=\"04c48a3\" data-element_type=\"section\" data-e-type=\"section\">\n\t\t\t\t\t\t<div class=\"elementor-container elementor-column-gap-default\">\n\t\t\t\t\t<div class=\"elementor-column elementor-col-100 elementor-top-column elementor-element elementor-element-1863acb\" data-id=\"1863acb\" data-element_type=\"column\" data-e-type=\"column\">\n\t\t\t<div class=\"elementor-widget-wrap elementor-element-populated\">\n\t\t\t\t\t\t<div class=\"elementor-element elementor-element-0fb4182 elementor-widget-divider--view-line elementor-widget elementor-widget-divider\" data-id=\"0fb4182\" data-element_type=\"widget\" data-e-type=\"widget\" data-widget_type=\"divider.default\">\n\t\t\t\t<div class=\"elementor-widget-container\">\n\t\t\t\t\t\t\t<div class=\"elementor-divider\">\n\t\t\t<span class=\"elementor-divider-separator\">\n\t\t\t\t\t\t<\/span>\n\t\t<\/div>\n\t\t\t\t\t\t<\/div>\n\t\t\t\t<\/div>\n\t\t\t\t\t<\/div>\n\t\t<\/div>\n\t\t\t\t\t<\/div>\n\t\t<\/section>\n\t\t\t\t<section class=\"elementor-section elementor-top-section elementor-element elementor-element-8381878 elementor-section-boxed elementor-section-height-default elementor-section-height-default\" data-id=\"8381878\" data-element_type=\"section\" data-e-type=\"section\">\n\t\t\t\t\t\t<div class=\"elementor-container elementor-column-gap-default\">\n\t\t\t\t\t<div class=\"elementor-column elementor-col-100 elementor-top-column elementor-element elementor-element-1918c67\" data-id=\"1918c67\" data-element_type=\"column\" data-e-type=\"column\">\n\t\t\t<div class=\"elementor-widget-wrap elementor-element-populated\">\n\t\t\t\t\t\t<div class=\"elementor-element elementor-element-bfbe034 elementor-widget elementor-widget-image\" data-id=\"bfbe034\" data-element_type=\"widget\" data-e-type=\"widget\" data-widget_type=\"image.default\">\n\t\t\t\t<div class=\"elementor-widget-container\">\n\t\t\t\t\t\t\t\t\t\t\t\t\t\t\t<img fetchpriority=\"high\" decoding=\"async\" width=\"629\" height=\"527\" src=\"https:\/\/kridifosch.uol.de\/wp-content\/uploads\/2026\/03\/Lunch-Meet-Up-@-3.png\" class=\"attachment-large size-large wp-image-700\" alt=\"\" srcset=\"https:\/\/kridifosch.uol.de\/wp-content\/uploads\/2026\/03\/Lunch-Meet-Up-@-3.png 940w, https:\/\/kridifosch.uol.de\/wp-content\/uploads\/2026\/03\/Lunch-Meet-Up-@-3-300x251.png 300w, https:\/\/kridifosch.uol.de\/wp-content\/uploads\/2026\/03\/Lunch-Meet-Up-@-3-768x644.png 768w, https:\/\/kridifosch.uol.de\/wp-content\/uploads\/2026\/03\/Lunch-Meet-Up-@-3-900x754.png 900w\" sizes=\"(max-width: 629px) 100vw, 629px\" \/>\t\t\t\t\t\t\t\t\t\t\t\t\t\t\t<\/div>\n\t\t\t\t<\/div>\n\t\t\t\t<div class=\"elementor-element elementor-element-df60c9c elementor-widget elementor-widget-text-editor\" data-id=\"df60c9c\" data-element_type=\"widget\" data-e-type=\"widget\" data-widget_type=\"text-editor.default\">\n\t\t\t\t<div class=\"elementor-widget-container\">\n\t\t\t\t\t\t\t\t\t<p><strong><img decoding=\"async\" class=\"emoji\" role=\"img\" draggable=\"false\" src=\"https:\/\/s.w.org\/images\/core\/emoji\/17.0.2\/svg\/1f49c.svg\" alt=\"\ud83d\udc9c\" \/> KriDiFoSch Lunch auf dem\u00a0<a class=\"QPSBGRTTCToxrpUoVsOUnfwcbljCvWXALY \" tabindex=\"0\" href=\"https:\/\/www.linkedin.com\/search\/results\/all\/?keywords=%23dgfekongress2026&amp;origin=HASH_TAG_FROM_FEED\" data-test-app-aware-link=\"\"><span aria-hidden=\"true\">#<\/span>DGfEKongress2026<\/a> <img decoding=\"async\" class=\"emoji\" role=\"img\" draggable=\"false\" src=\"https:\/\/s.w.org\/images\/core\/emoji\/17.0.2\/svg\/1f9e1.svg\" alt=\"\ud83e\udde1\" \/><\/strong><\/p><p>Am Mittwoch, den 25.03., trifft sich die KriDiFoSch-Delegation auf der DGfE-Tagung in M\u00fcnchen zum gemeinsamen Mittagessen. <br \/><img decoding=\"async\" class=\"emoji\" role=\"img\" draggable=\"false\" src=\"https:\/\/s.w.org\/images\/core\/emoji\/17.0.2\/svg\/1f5d3.svg\" alt=\"\ud83d\uddd3\ufe0f\" \/> 25.03.2026, ca. 13:00 Uhr<br \/><img decoding=\"async\" class=\"emoji\" role=\"img\" draggable=\"false\" src=\"https:\/\/s.w.org\/images\/core\/emoji\/17.0.2\/svg\/1f4cd.svg\" alt=\"\ud83d\udccd\" \/> Geschwister-Scholl-Platz, am Brunnen<\/p><p>Wenn ihr ein Mittagessen gebucht habt, bringt es gerne mit! F\u00fcr alle anderen wird Pizza bestellt. Falls du mit dabei sein willst, aber noch nicht in unserer Signal-Gruppe bist, melde dich bei Julie via julie.luepkes(at)uol.de\u00a0<\/p><p>Bis bald &amp; guten Appetit! <img decoding=\"async\" class=\"emoji\" role=\"img\" draggable=\"false\" src=\"https:\/\/s.w.org\/images\/core\/emoji\/17.0.2\/svg\/1f44b.svg\" alt=\"\ud83d\udc4b\" \/><\/p>\t\t\t\t\t\t\t\t<\/div>\n\t\t\t\t<\/div>\n\t\t\t\t\t<\/div>\n\t\t<\/div>\n\t\t\t\t\t<\/div>\n\t\t<\/section>\n\t\t\t\t<\/div>\n\t\t","protected":false},"excerpt":{"rendered":"<p>KriDiFoSch ist ein Netzwerk junger Wissenschaftler:innen, die sich kritisch mit digitalen Ph\u00e4nomenen in der Institution Schule besch\u00e4ftigen. Du findest hier Informationen zu unserer Idee, unseren Aktivit\u00e4ten und den Mitgliedern unseres Netzwerks. KriDiFoSch Lunch auf dem\u00a0#DGfEKongress2026 Am Mittwoch, den 25.03., trifft sich die KriDiFoSch-Delegation auf der DGfE-Tagung in M\u00fcnchen zum gemeinsamen Mittagessen. 25.03.2026, ca. 13:00 Uhr [&hellip;]<\/p>\n","protected":false},"author":1,"featured_media":0,"parent":0,"menu_order":1,"comment_status":"closed","ping_status":"closed","template":"","meta":{"footnotes":""},"class_list":["post-32","page","type-page","status-publish","hentry"],"_links":{"self":[{"href":"https:\/\/kridifosch.uol.de\/index.php?rest_route=\/wp\/v2\/pages\/32","targetHints":{"allow":["GET"]}}],"collection":[{"href":"https:\/\/kridifosch.uol.de\/index.php?rest_route=\/wp\/v2\/pages"}],"about":[{"href":"https:\/\/kridifosch.uol.de\/index.php?rest_route=\/wp\/v2\/types\/page"}],"author":[{"embeddable":true,"href":"https:\/\/kridifosch.uol.de\/index.php?rest_route=\/wp\/v2\/users\/1"}],"replies":[{"embeddable":true,"href":"https:\/\/kridifosch.uol.de\/index.php?rest_route=%2Fwp%2Fv2%2Fcomments&post=32"}],"version-history":[{"count":49,"href":"https:\/\/kridifosch.uol.de\/index.php?rest_route=\/wp\/v2\/pages\/32\/revisions"}],"predecessor-version":[{"id":703,"href":"https:\/\/kridifosch.uol.de\/index.php?rest_route=\/wp\/v2\/pages\/32\/revisions\/703"}],"wp:attachment":[{"href":"https:\/\/kridifosch.uol.de\/index.php?rest_route=%2Fwp%2Fv2%2Fmedia&parent=32"}],"curies":[{"name":"wp","href":"https:\/\/api.w.org\/{rel}","templated":true}]}}